{"id":18,"date":"2019-04-25T13:05:14","date_gmt":"2019-04-25T13:05:14","guid":{"rendered":"http:\/\/localhost\/yootheme_pro\/2019\/Makai\/Website_WP\/index.php\/getting-started\/"},"modified":"2026-03-30T17:28:38","modified_gmt":"2026-03-30T17:28:38","slug":"getting-started","status":"publish","type":"page","link":"https:\/\/intagsgatan.se\/","title":{"rendered":"Home"},"content":{"rendered":"<h1>V\u00e4lkommen till Intagsgatan 9 i Vedborm<\/h1>\n<div>Intagsgatan \u00e4r en charmig stuga med naturn\u00e4ra l\u00e4ge i Vedborm p\u00e5 norra \u00d6land. Tomten ligger i skogskanten intill en \u00e4ng. Detta g\u00f6r att tomten har ett h\u00e4rligt soll\u00e4ge med sol fr\u00e5n eftermiddag fram till sen kv\u00e4ll. Stugan har ett fullt utrustat k\u00f6k med matplats, ett trivsamt vardagsrum samt ett sovrum med dubbels\u00e4ng. P\u00e5 tomten finns ocks\u00e5 en g\u00e4ststuga med tv\u00e5 b\u00e4ddar. Nybyggt badrum med dusch och wc i storstugan.<\/div>\n<h3>Fakta<\/h3>\n<ul>\n<li>\n<div>1 690 m\u00b2 tomtarea<\/div>\n<\/li>\n<li>\n<div>60 m\u00b2 boendeyta<\/div>\n<\/li>\n<li>\n<div>2 rum och k\u00f6k + g\u00e4ststuga<\/div>\n<\/li>\n<li>\n<div>4 b\u00e4ddar<\/div>\n<\/li>\n<li>\n<div>2 cyklar tillg\u00e4ngliga<\/div>\n<\/li>\n<li>\n<div>Bredband via fiber<\/div>\n<\/li>\n<\/ul>\n<ul>\n<li>\n<div>El ing\u00e5r<\/div>\n<\/li>\n<li>\n<div>Husdjur v\u00e4lkomna<\/div>\n<\/li>\n<li>\n<div>R\u00f6kfritt<\/div>\n<\/li>\n<li>\n<div>TV och DVD-spelare<\/div>\n<\/li>\n<li>\n<div>Dusch<\/div>\n<\/li>\n<li>\n<div>Microv\u00e5gsugn<\/div>\n<\/li>\n<li>\n<div>Kylsk\u00e5p och frys<\/div>\n<\/li>\n<li>\n<div>Veranda med grill<\/div>\n<\/li>\n<\/ul>\n<h3>I n\u00e4rheten<\/h3>\n<div>Fr\u00e5n Vedborm har du n\u00e4ra till b\u00e5de centralorten p\u00e5 norra \u00f6land L\u00f6ttorp samt B\u00f6da och Byxelkrok i norr. Inom cykelavst\u00e5nd ligger dessutom n\u00e5gra av \u00f6lands finaste badplatser, bland annat Byrumbadet och Sandbybadet.<\/div>\n<p>\n    <a href=\"#narheten\">Visa p\u00e5 karta<\/a>\n<\/p>\n<ul>\n<li>\n<p>        <img decoding=\"async\" src=\"\/wp-content\/uploads\/02-nordost-2.jpg\" alt=\"\"><\/p>\n<h3>02-nordost-2<\/h3>\n<\/li>\n<li>\n<p>        <img decoding=\"async\" src=\"\/wp-content\/uploads\/IMG_2568-scaled.jpeg\" alt=\"\"><\/p>\n<h3>IMG_2568<\/h3>\n<\/li>\n<li>\n<p>        <img decoding=\"async\" src=\"\/wp-content\/uploads\/IMG_2578-scaled.jpeg\" alt=\"\"><\/p>\n<h3>IMG_2578<\/h3>\n<\/li>\n<li>\n<p>        <img decoding=\"async\" src=\"\/wp-content\/uploads\/IMG_2585-scaled.jpeg\" alt=\"\"><\/p>\n<h3>IMG_2585<\/h3>\n<\/li>\n<li>\n<p>        <img decoding=\"async\" src=\"\/wp-content\/uploads\/IMG_2587-scaled.jpeg\" alt=\"\"><\/p>\n<h3>IMG_2587<\/h3>\n<\/li>\n<li>\n<p>        <img decoding=\"async\" src=\"\/wp-content\/uploads\/13-lillstugan.jpg\" alt=\"\"><\/p>\n<h3>13-lillstugan<\/h3>\n<\/li>\n<li>\n<p>        <img decoding=\"async\" src=\"\/wp-content\/uploads\/badrum_001.jpg\" alt=\"\"><\/p>\n<h3>badrum_001<\/h3>\n<\/li>\n<li>\n<p>        <img decoding=\"async\" src=\"\/wp-content\/uploads\/fransydost_002.jpg\" alt=\"\"><\/p>\n<h3>fransydost_002<\/h3>\n<\/li>\n<li>\n<p>        <img decoding=\"async\" src=\"\/wp-content\/uploads\/sovrum_001.jpg\" alt=\"\"><\/p>\n<h3>sovrum_001<\/h3>\n<\/li>\n<\/ul>\n<h2>I n\u00e4rheten<\/h2>\n<div><iframe loading=\"lazy\" src=\"https:\/\/www.google.com\/maps\/embed?pb=!1m18!1m12!1m3!1d34570.00543277362!2d16.96320477183477!3d57.21182159115306!2m3!1f0!2f0!3f0!3m2!1i1024!2i768!4f13.1!3m3!1m2!1s0x46f7ff7e2fb0ec33%3A0xf9b783e58b6b5203!2sIntagsgatan%209%2C%20387%2073%20L%C3%B6ttorp!5e0!3m2!1ssv!2sse!4v1587295189204!5m2!1ssv!2sse\" width=\"100%\" height=\"600\" frameborder=\"0\" style=\"border:0;\" allowfullscreen=\"\" aria-hidden=\"false\" tabindex=\"0\"><\/iframe><\/div>\n<div>\n<p>Byrumbadet 4 km<\/p>\n<p>Sk\u00e4ftek\u00e4rr 4,2 km<\/p>\n<p>Cafe Svea 4,2 km<\/p>\n<p>Pensionat Hornsj\u00f6n 4,7 km<\/p>\n<p>Sandbybadet 6 km<\/p>\n<p>B\u00f6da hamn 8,5 km<\/p>\n<p>L\u00f6ttorp 8 km<br \/>I l\u00f6ttorp finns bland annat bank, apotek och systembolag<\/p>\n<p>ICA-butik 8,5 km<\/p>\n<p>B\u00f6da Sand 9,5 km<\/p>\n<p>Golf 9 km<\/p>\n<\/div>\n<h2>Kontakt och bokning<\/h2>\n<div>\n<p>Annika Danielsson<br \/>Trosn\u00e4sgatan 39<br \/>38770 L\u00f6ttorp<br \/>Tfn: 070 744 11 73<br \/>E-mail: <a>trosnasmjolk@live.se<\/a><\/p>\n<\/div>\n<p><!--more--><br \/>\n<!-- {\"type\":\"layout\",\"children\":[{\"type\":\"section\",\"props\":{\"header_transparent_noplaceholder\":false,\"height\":\"full\",\"id\":\"Header\",\"image\":\"wp-content\\\/uploads\\\/fullscreen_default.jpg\",\"image_effect\":\"parallax\",\"image_parallax_bgy\":\"-5vh,4vh\",\"image_parallax_easing\":\"1\",\"image_position\":\"top-center\",\"image_size\":\"contain\",\"image_width\":\"2560\",\"overlap\":false,\"padding\":\"large\",\"padding_remove_bottom\":false,\"padding_remove_top\":false,\"style\":\"default\",\"text_color\":\"light\",\"title\":\"\",\"title_breakpoint\":\"xl\",\"title_position\":\"bottom-right\",\"title_rotation\":\"left\",\"vertical_align\":\"middle\",\"width\":\"xsmall\"},\"children\":[{\"type\":\"row\",\"children\":[{\"type\":\"column\",\"props\":{\"image_position\":\"center-center\",\"media_overlay_gradient\":\"\",\"position_sticky_breakpoint\":\"m\",\"width_medium\":\"1-1\"},\"children\":[]}]}],\"name\":\"Header\"},{\"type\":\"section\",\"props\":{\"id\":\"om\",\"image_position\":\"center-center\",\"style\":\"default\",\"title_breakpoint\":\"xl\",\"title_position\":\"top-left\",\"title_rotation\":\"left\",\"vertical_align\":\"middle\",\"width\":\"default\"},\"children\":[{\"type\":\"row\",\"children\":[{\"type\":\"column\",\"props\":{\"image_position\":\"center-center\",\"media_overlay_gradient\":\"\",\"position_sticky_breakpoint\":\"m\",\"width_medium\":\"1-1\"},\"children\":[{\"type\":\"headline\",\"props\":{\"content\":\"V\\u00e4lkommen till Intagsgatan 9 i Vedborm\",\"title_element\":\"h1\"}},{\"type\":\"text\",\"props\":{\"column_breakpoint\":\"m\",\"content\":\"Intagsgatan \\u00e4r en charmig stuga med naturn\\u00e4ra l\\u00e4ge i Vedborm p\\u00e5 norra \\u00d6land. Tomten ligger i skogskanten intill en \\u00e4ng. Detta g\\u00f6r att tomten har ett h\\u00e4rligt soll\\u00e4ge med sol fr\\u00e5n eftermiddag fram till sen kv\\u00e4ll. Stugan har ett fullt utrustat k\\u00f6k med matplats, ett trivsamt vardagsrum samt ett sovrum med dubbels\\u00e4ng. P\\u00e5 tomten finns ocks\\u00e5 en g\\u00e4ststuga med tv\\u00e5 b\\u00e4ddar. Nybyggt badrum med dusch och wc i storstugan.\",\"margin\":\"default\"}}]}]},{\"type\":\"row\",\"props\":{\"layout\":\"1-3,1-3,1-3\"},\"children\":[{\"type\":\"column\",\"props\":{\"image_position\":\"center-center\",\"media_overlay_gradient\":\"\",\"position_sticky_breakpoint\":\"m\",\"width_medium\":\"1-3\"},\"children\":[{\"type\":\"headline\",\"props\":{\"content\":\"Fakta\",\"title_element\":\"h3\"}},{\"type\":\"list\",\"props\":{\"column_breakpoint\":\"m\",\"image_align\":\"left\",\"image_svg_color\":\"emphasis\",\"image_vertical_align\":true,\"list_element\":\"ul\",\"list_horizontal_separator\":\", \",\"list_marker\":\"bullet\",\"list_size\":\"\",\"list_type\":\"vertical\",\"show_image\":true,\"show_link\":true},\"children\":[{\"type\":\"list_item\",\"props\":{\"content\":\"1 690 m\\u00b2 tomtarea\"}},{\"type\":\"list_item\",\"props\":{\"content\":\"60 m\\u00b2 boendeyta\"}},{\"type\":\"list_item\",\"props\":{\"content\":\"2 rum och k\\u00f6k + g\\u00e4ststuga\"}},{\"type\":\"list_item\",\"props\":{\"content\":\"4 b\\u00e4ddar\"}},{\"type\":\"list_item\",\"props\":{\"content\":\"2 cyklar tillg\\u00e4ngliga\"}},{\"type\":\"list_item\",\"props\":{\"content\":\"Bredband via fiber\"}}]}]},{\"type\":\"column\",\"props\":{\"image_position\":\"center-center\",\"media_overlay_gradient\":\"\",\"position_sticky_breakpoint\":\"m\",\"width_medium\":\"1-3\"},\"children\":[{\"type\":\"list\",\"props\":{\"column_breakpoint\":\"m\",\"image_align\":\"left\",\"image_svg_color\":\"emphasis\",\"image_vertical_align\":true,\"list_element\":\"ul\",\"list_horizontal_separator\":\", \",\"list_marker\":\"bullet\",\"list_size\":\"\",\"list_type\":\"vertical\",\"show_image\":true,\"show_link\":true},\"children\":[{\"type\":\"list_item\",\"props\":{\"content\":\"El ing\\u00e5r\"}},{\"type\":\"list_item\",\"props\":{\"content\":\"Husdjur v\\u00e4lkomna\"}},{\"type\":\"list_item\",\"props\":{\"content\":\"R\\u00f6kfritt\"}},{\"type\":\"list_item\",\"props\":{\"content\":\"TV och DVD-spelare\"}},{\"type\":\"list_item\",\"props\":{\"content\":\"Dusch\"}},{\"type\":\"list_item\",\"props\":{\"content\":\"Microv\\u00e5gsugn\"}},{\"type\":\"list_item\",\"props\":{\"content\":\"Kylsk\\u00e5p och frys\"}},{\"type\":\"list_item\",\"props\":{\"content\":\"Veranda med grill\"}}]}]},{\"type\":\"column\",\"props\":{\"image_position\":\"center-center\",\"media_overlay_gradient\":\"\",\"position_sticky_breakpoint\":\"m\",\"width_medium\":\"1-3\"},\"children\":[{\"type\":\"headline\",\"props\":{\"content\":\"I n\\u00e4rheten\",\"title_element\":\"h3\"}},{\"type\":\"text\",\"props\":{\"column_breakpoint\":\"m\",\"content\":\"Fr\\u00e5n Vedborm har du n\\u00e4ra till b\\u00e5de centralorten p\\u00e5 norra \\u00f6land L\\u00f6ttorp samt B\\u00f6da och Byxelkrok i norr. Inom cykelavst\\u00e5nd ligger dessutom n\\u00e5gra av \\u00f6lands finaste badplatser, bland annat Byrumbadet och Sandbybadet.\",\"margin\":\"default\"}},{\"type\":\"button\",\"props\":{\"grid_column_gap\":\"small\",\"grid_row_gap\":\"small\",\"margin\":\"default\",\"status\":\"disabled\"},\"children\":[{\"type\":\"button_item\",\"props\":{\"button_style\":\"default\",\"content\":\"Visa p\\u00e5 karta\",\"icon\":\"arrow-down\",\"icon_align\":\"left\",\"link\":\"#narheten\"}}]},{\"type\":\"button\",\"props\":{\"grid_column_gap\":\"small\",\"grid_row_gap\":\"small\",\"margin\":\"default\",\"status\":\"\"},\"children\":[{\"type\":\"button_item\",\"props\":{\"button_style\":\"default\",\"content\":\"Visa p\\u00e5 karta\",\"icon\":\"forward\",\"icon_align\":\"left\",\"link\":\"#narheten\",\"link_target\":\"blank\"}}]}]}]}],\"name\":\"Om\"},{\"type\":\"section\",\"props\":{\"id\":\"bilder\",\"image_position\":\"center-center\",\"style\":\"default\",\"title_breakpoint\":\"xl\",\"title_position\":\"top-left\",\"title_rotation\":\"left\",\"vertical_align\":\"middle\",\"width\":\"default\"},\"children\":[{\"type\":\"row\",\"children\":[{\"type\":\"column\",\"props\":{\"image_position\":\"center-center\",\"media_overlay_gradient\":\"\",\"position_sticky_breakpoint\":\"m\",\"width_medium\":\"1-1\"},\"children\":[{\"type\":\"gallery\",\"props\":{\"filter_align\":\"left\",\"filter_all\":true,\"filter_grid_breakpoint\":\"m\",\"filter_grid_width\":\"auto\",\"filter_position\":\"top\",\"filter_style\":\"tab\",\"grid_default\":\"1\",\"grid_masonry\":true,\"grid_medium\":\"3\",\"grid_parallax\":\"20\",\"image_orientation\":true,\"item_animation\":true,\"lightbox\":true,\"lightbox_image_orientation\":true,\"link_style\":\"default\",\"link_text\":\"\",\"margin\":\"default\",\"meta_align\":\"below-title\",\"meta_element\":\"div\",\"meta_style\":\"text-meta\",\"overlay_hover\":false,\"overlay_link\":true,\"overlay_mode\":\"cover\",\"overlay_position\":\"center\",\"overlay_style\":\"\",\"overlay_transition\":\"fade\",\"parallax_easing\":\"1\",\"show_content\":false,\"show_hover_image\":false,\"show_link\":true,\"show_meta\":false,\"show_title\":false,\"text_align\":\"center\",\"text_color\":\"light\",\"title_element\":\"h3\",\"title_hover_style\":\"reset\"},\"children\":[{\"type\":\"gallery_item\",\"props\":{\"image\":\"wp-content\\\/uploads\\\/02-nordost-2.jpg\",\"title\":\"02-nordost-2\"}},{\"type\":\"gallery_item\",\"props\":{\"image\":\"wp-content\\\/uploads\\\/IMG_2568-scaled.jpeg\",\"title\":\"IMG_2568\"}},{\"type\":\"gallery_item\",\"props\":{\"image\":\"wp-content\\\/uploads\\\/IMG_2578-scaled.jpeg\",\"title\":\"IMG_2578\"}},{\"type\":\"gallery_item\",\"props\":{\"image\":\"wp-content\\\/uploads\\\/IMG_2585-scaled.jpeg\",\"title\":\"IMG_2585\"}},{\"type\":\"gallery_item\",\"props\":{\"image\":\"wp-content\\\/uploads\\\/IMG_2587-scaled.jpeg\",\"title\":\"IMG_2587\"}},{\"type\":\"gallery_item\",\"props\":{\"image\":\"wp-content\\\/uploads\\\/13-lillstugan.jpg\",\"title\":\"13-lillstugan\"}},{\"type\":\"gallery_item\",\"props\":{\"image\":\"wp-content\\\/uploads\\\/badrum_001.jpg\",\"title\":\"badrum_001\"}},{\"type\":\"gallery_item\",\"props\":{\"image\":\"wp-content\\\/uploads\\\/fransydost_002.jpg\",\"title\":\"fransydost_002\"}},{\"type\":\"gallery_item\",\"props\":{\"image\":\"wp-content\\\/uploads\\\/sovrum_001.jpg\",\"title\":\"sovrum_001\"}}]}]}]}],\"name\":\"Bilder\"},{\"type\":\"section\",\"props\":{\"id\":\"narheten\",\"image_position\":\"center-center\",\"status\":\"\",\"style\":\"default\",\"title_breakpoint\":\"xl\",\"title_position\":\"top-left\",\"title_rotation\":\"left\",\"vertical_align\":\"middle\",\"width\":\"default\"},\"children\":[{\"type\":\"row\",\"children\":[{\"type\":\"column\",\"props\":{\"image_position\":\"center-center\",\"media_overlay_gradient\":\"\",\"position_sticky_breakpoint\":\"m\",\"width_medium\":\"1-1\"},\"children\":[{\"type\":\"headline\",\"props\":{\"content\":\"I n\\u00e4rheten\",\"title_element\":\"h2\",\"title_style\":\"h1\"}}]}]},{\"type\":\"row\",\"props\":{\"layout\":\"2-3,1-3\"},\"children\":[{\"type\":\"column\",\"props\":{\"image_position\":\"center-center\",\"media_overlay_gradient\":\"\",\"position_sticky_breakpoint\":\"m\",\"width_medium\":\"2-3\"},\"children\":[{\"type\":\"text\",\"props\":{\"column_breakpoint\":\"m\",\"content\":\"<iframe src=\\\"https:\\\/\\\/www.google.com\\\/maps\\\/embed?pb=!1m18!1m12!1m3!1d34570.00543277362!2d16.96320477183477!3d57.21182159115306!2m3!1f0!2f0!3f0!3m2!1i1024!2i768!4f13.1!3m3!1m2!1s0x46f7ff7e2fb0ec33%3A0xf9b783e58b6b5203!2sIntagsgatan%209%2C%20387%2073%20L%C3%B6ttorp!5e0!3m2!1ssv!2sse!4v1587295189204!5m2!1ssv!2sse\\\" width=\\\"100%\\\" height=\\\"600\\\" frameborder=\\\"0\\\" style=\\\"border:0;\\\" allowfullscreen=\\\"\\\" aria-hidden=\\\"false\\\" tabindex=\\\"0\\\"><\\\/iframe>\",\"margin\":\"default\"}}]},{\"type\":\"column\",\"props\":{\"image_position\":\"center-center\",\"media_overlay_gradient\":\"\",\"position_sticky_breakpoint\":\"m\",\"width_medium\":\"1-3\"},\"children\":[{\"type\":\"text\",\"props\":{\"column_breakpoint\":\"m\",\"content\":\"\n\n<p>Byrumbadet 4 km<\\\/p>\\n\n\n<p>Sk\\u00e4ftek\\u00e4rr 4,2 km<\\\/p>\\n\n\n<p>Cafe Svea 4,2 km<\\\/p>\\n\n\n<p>Pensionat Hornsj\\u00f6n 4,7 km<\\\/p>\\n\n\n<p>Sandbybadet 6 km<\\\/p>\\n\n\n<p>B\\u00f6da hamn 8,5 km<\\\/p>\\n\n\n<p>L\\u00f6ttorp 8 km<br \\\/>I l\\u00f6ttorp finns bland annat bank, apotek och systembolag<\\\/p>\\n\n\n<p>ICA-butik 8,5 km<\\\/p>\\n\n\n<p>B\\u00f6da Sand 9,5 km<\\\/p>\\n\n\n<p>Golf 9 km<\\\/p>\",\"margin\":\"default\"}}]}]}],\"name\":\"I n\\u00e4rheten\"},{\"type\":\"section\",\"props\":{\"id\":\"bokning\",\"image_position\":\"center-center\",\"style\":\"default\",\"title_breakpoint\":\"xl\",\"title_position\":\"top-left\",\"title_rotation\":\"left\",\"vertical_align\":\"middle\",\"width\":\"default\"},\"children\":[{\"type\":\"row\",\"children\":[{\"type\":\"column\",\"props\":{\"image_position\":\"center-center\",\"media_overlay_gradient\":\"\",\"position_sticky_breakpoint\":\"m\",\"width_medium\":\"1-1\"},\"children\":[{\"type\":\"headline\",\"props\":{\"content\":\"Kontakt och bokning\",\"text_align\":\"center\",\"title_element\":\"h2\",\"title_style\":\"h1\"}},{\"type\":\"text\",\"props\":{\"column_breakpoint\":\"m\",\"content\":\"\n\n<p>Annika Danielsson<br \\\/>Trosn\\u00e4sgatan 39<br \\\/>38770 L\\u00f6ttorp<br \\\/>Tfn: 070 744 11 73<br \\\/>E-mail: <a>trosnasmjolk@live.se<\\\/a><\\\/p>\",\"margin\":\"default\",\"text_align\":\"center\"}}]}]}],\"name\":\"Bokning\"}],\"version\":\"3.0.28\"} --><\/p>\n","protected":false},"excerpt":{"rendered":"<p>V\u00e4lkommen till Intagsgatan 9 i Vedborm Intagsgatan \u00e4r en charmig stuga med naturn\u00e4ra l\u00e4ge i Vedborm p\u00e5 norra \u00d6land. Tomten ligger i skogskanten intill en \u00e4ng. Detta g\u00f6r att tomten har ett h\u00e4rligt soll\u00e4ge med sol fr\u00e5n eftermiddag fram till sen kv\u00e4ll. Stugan har ett fullt utrustat k\u00f6k med matplats, ett trivsamt vardagsrum samt ett [&hellip;]<\/p>\n","protected":false},"author":1,"featured_media":0,"parent":0,"menu_order":1,"comment_status":"closed","ping_status":"closed","template":"","meta":[],"_links":{"self":[{"href":"https:\/\/intagsgatan.se\/index.php?rest_route=\/wp\/v2\/pages\/18"}],"collection":[{"href":"https:\/\/intagsgatan.se\/index.php?rest_route=\/wp\/v2\/pages"}],"about":[{"href":"https:\/\/intagsgatan.se\/index.php?rest_route=\/wp\/v2\/types\/page"}],"author":[{"embeddable":true,"href":"https:\/\/intagsgatan.se\/index.php?rest_route=\/wp\/v2\/users\/1"}],"replies":[{"embeddable":true,"href":"https:\/\/intagsgatan.se\/index.php?rest_route=%2Fwp%2Fv2%2Fcomments&post=18"}],"version-history":[{"count":39,"href":"https:\/\/intagsgatan.se\/index.php?rest_route=\/wp\/v2\/pages\/18\/revisions"}],"predecessor-version":[{"id":250,"href":"https:\/\/intagsgatan.se\/index.php?rest_route=\/wp\/v2\/pages\/18\/revisions\/250"}],"wp:attachment":[{"href":"https:\/\/intagsgatan.se\/index.php?rest_route=%2Fwp%2Fv2%2Fmedia&parent=18"}],"curies":[{"name":"wp","href":"https:\/\/api.w.org\/{rel}","templated":true}]}}